{"id":2002,"date":"2025-02-06T13:48:09","date_gmt":"2025-02-06T13:48:09","guid":{"rendered":"https:\/\/d-tour.vn\/?page_id=2002"},"modified":"2025-02-06T13:51:06","modified_gmt":"2025-02-06T13:51:06","slug":"khach-hang","status":"publish","type":"page","link":"https:\/\/d-tour.vn\/vi\/khach-hang\/","title":{"rendered":"Kh\u00e1ch h\u00e0ng"},"content":{"rendered":"<div data-elementor-type=\"wp-page\" data-elementor-id=\"2002\" class=\"elementor elementor-2002\" data-elementor-post-type=\"page\">\n\t\t\t\t<div class=\"elementor-element elementor-element-e2d0997 e-flex e-con-boxed e-con e-parent\" data-id=\"e2d0997\" data-element_type=\"container\" data-settings=\"{&quot;background_background&quot;:&quot;classic&quot;}\">\n\t\t\t\t\t<div class=\"e-con-inner\">\n\t\t\t\t<div class=\"elementor-element elementor-element-787efad elementor-widget elementor-widget-spacer\" data-id=\"787efad\" data-element_type=\"widget\" data-widget_type=\"spacer.default\">\n\t\t\t\t<div class=\"elementor-widget-container\">\n\t\t\t<style>\/*! elementor - v3.22.0 - 26-06-2024 *\/\n.elementor-column .elementor-spacer-inner{height:var(--spacer-size)}.e-con{--container-widget-width:100%}.e-con-inner>.elementor-widget-spacer,.e-con>.elementor-widget-spacer{width:var(--container-widget-width,var(--spacer-size));--align-self:var(--container-widget-align-self,initial);--flex-shrink:0}.e-con-inner>.elementor-widget-spacer>.elementor-widget-container,.e-con>.elementor-widget-spacer>.elementor-widget-container{height:100%;width:100%}.e-con-inner>.elementor-widget-spacer>.elementor-widget-container>.elementor-spacer,.e-con>.elementor-widget-spacer>.elementor-widget-container>.elementor-spacer{height:100%}.e-con-inner>.elementor-widget-spacer>.elementor-widget-container>.elementor-spacer>.elementor-spacer-inner,.e-con>.elementor-widget-spacer>.elementor-widget-container>.elementor-spacer>.elementor-spacer-inner{height:var(--container-widget-height,var(--spacer-size))}.e-con-inner>.elementor-widget-spacer.elementor-widget-empty,.e-con>.elementor-widget-spacer.elementor-widget-empty{position:relative;min-height:22px;min-width:22px}.e-con-inner>.elementor-widget-spacer.elementor-widget-empty .elementor-widget-empty-icon,.e-con>.elementor-widget-spacer.elementor-widget-empty .elementor-widget-empty-icon{position:absolute;top:0;bottom:0;left:0;right:0;margin:auto;padding:0;width:22px;height:22px}<\/style>\t\t<div class=\"elementor-spacer\">\n\t\t\t<div class=\"elementor-spacer-inner\"><\/div>\n\t\t<\/div>\n\t\t\t\t<\/div>\n\t\t\t\t<\/div>\n\t\t\t\t\t<\/div>\n\t\t\t\t<\/div>\n\t\t<div class=\"elementor-element elementor-element-0094261 e-flex e-con-boxed e-con e-parent\" data-id=\"0094261\" data-element_type=\"container\">\n\t\t\t\t\t<div class=\"e-con-inner\">\n\t\t\t\t<div class=\"elementor-element elementor-element-d122cd4 heading_big elementor-widget elementor-widget-heading\" data-id=\"d122cd4\" data-element_type=\"widget\" data-widget_type=\"heading.default\">\n\t\t\t\t<div class=\"elementor-widget-container\">\n\t\t\t<style>\/*! elementor - v3.22.0 - 26-06-2024 *\/\n.elementor-heading-title{padding:0;margin:0;line-height:1}.elementor-widget-heading .elementor-heading-title[class*=elementor-size-]>a{color:inherit;font-size:inherit;line-height:inherit}.elementor-widget-heading .elementor-heading-title.elementor-size-small{font-size:15px}.elementor-widget-heading .elementor-heading-title.elementor-size-medium{font-size:19px}.elementor-widget-heading .elementor-heading-title.elementor-size-large{font-size:29px}.elementor-widget-heading .elementor-heading-title.elementor-size-xl{font-size:39px}.elementor-widget-heading .elementor-heading-title.elementor-size-xxl{font-size:59px}<\/style><h2 class=\"elementor-heading-title elementor-size-default\">Kh\u00e1ch h\u00e0ng<\/h2>\t\t<\/div>\n\t\t\t\t<\/div>\n\t\t\t\t<div class=\"elementor-element elementor-element-4870d6a elementor-widget elementor-widget-text-editor\" data-id=\"4870d6a\" data-element_type=\"widget\" data-widget_type=\"text-editor.default\">\n\t\t\t\t<div class=\"elementor-widget-container\">\n\t\t\t<style>\/*! elementor - v3.22.0 - 26-06-2024 *\/\n.elementor-widget-text-editor.elementor-drop-cap-view-stacked .elementor-drop-cap{background-color:#69727d;color:#fff}.elementor-widget-text-editor.elementor-drop-cap-view-framed .elementor-drop-cap{color:#69727d;border:3px solid;background-color:transparent}.elementor-widget-text-editor:not(.elementor-drop-cap-view-default) .elementor-drop-cap{margin-top:8px}.elementor-widget-text-editor:not(.elementor-drop-cap-view-default) .elementor-drop-cap-letter{width:1em;height:1em}.elementor-widget-text-editor .elementor-drop-cap{float:left;text-align:center;line-height:1;font-size:50px}.elementor-widget-text-editor .elementor-drop-cap-letter{display:inline-block}<\/style>\t\t\t\t<p><span style=\"font-weight: 400;\">D-Tour lu\u00f4n xem <\/span><b>kh\u00e1ch h\u00e0ng l\u00e0 trung t\u00e2m<\/b><span style=\"font-weight: 400;\"> trong m\u1ecdi ho\u1ea1t \u0111\u1ed9ng, cam k\u1ebft mang \u0111\u1ebfn <\/span><b>d\u1ecbch v\u1ee5 du l\u1ecbch chuy\u00ean nghi\u1ec7p, tr\u1ea3i nghi\u1ec7m tr\u1ecdn v\u1eb9n v\u00e0 \u0111\u00e1ng nh\u1edb<\/b><span style=\"font-weight: 400;\">. Ch\u00fang t\u00f4i t\u1ef1 h\u00e0o l\u00e0 \u0111\u1ed1i t\u00e1c c\u1ee7a nhi\u1ec1u <\/span><b>t\u1eadp \u0111o\u00e0n l\u1edbn, doanh nghi\u1ec7p v\u1eeba v\u00e0 nh\u1ecf, c\u00f9ng c\u00e1c t\u1ed5 ch\u1ee9c uy t\u00edn<\/b><span style=\"font-weight: 400;\">, \u0111\u1ed3ng h\u00e0nh trong c\u00e1c ch\u01b0\u01a1ng tr\u00ecnh <\/span><b>Company Trip, Team Building, Event v\u00e0 Tour qu\u1ed1c t\u1ebf<\/b><span style=\"font-weight: 400;\">.<\/span><\/p><p><span style=\"font-weight: 400;\">V\u1edbi s\u1ef1 tin t\u01b0\u1edfng c\u1ee7a kh\u00e1ch h\u00e0ng, D-Tour kh\u00f4ng ng\u1eebng \u0111\u1ed5i m\u1edbi, m\u1edf r\u1ed9ng h\u1ec7 th\u1ed1ng d\u1ecbch v\u1ee5 \u0111\u1ec3 \u0111\u00e1p \u1ee9ng t\u1ed1t nh\u1ea5t m\u1ecdi nhu c\u1ea7u du l\u1ecbch v\u00e0 s\u1ef1 ki\u1ec7n. <\/span><b>Nh\u1eefng kh\u00e1ch h\u00e0ng \u0111\u00e3 tin t\u01b0\u1edfng l\u1ef1a ch\u1ecdn D-Tour:<\/b><\/p>\t\t\t\t\t\t<\/div>\n\t\t\t\t<\/div>\n\t\t\t\t\t<\/div>\n\t\t\t\t<\/div>\n\t\t<div class=\"elementor-element elementor-element-d8f4670 e-flex e-con-boxed e-con e-parent\" data-id=\"d8f4670\" data-element_type=\"container\">\n\t\t\t\t\t<div class=\"e-con-inner\">\n\t\t\t\t<div class=\"elementor-element elementor-element-80d45bb elementor-arrows-position-inside elementor-widget elementor-widget-image-carousel\" data-id=\"80d45bb\" data-element_type=\"widget\" data-settings=\"{&quot;slides_to_show&quot;:&quot;1&quot;,&quot;navigation&quot;:&quot;arrows&quot;,&quot;effect&quot;:&quot;fade&quot;,&quot;autoplay&quot;:&quot;yes&quot;,&quot;pause_on_hover&quot;:&quot;yes&quot;,&quot;pause_on_interaction&quot;:&quot;yes&quot;,&quot;autoplay_speed&quot;:5000,&quot;infinite&quot;:&quot;yes&quot;,&quot;speed&quot;:500}\" data-widget_type=\"image-carousel.default\">\n\t\t\t\t<div class=\"elementor-widget-container\">\n\t\t\t<style>\/*! elementor - v3.22.0 - 26-06-2024 *\/\n.elementor-widget-image-carousel .swiper,.elementor-widget-image-carousel .swiper-container{position:static}.elementor-widget-image-carousel .swiper-container .swiper-slide figure,.elementor-widget-image-carousel .swiper .swiper-slide figure{line-height:inherit}.elementor-widget-image-carousel .swiper-slide{text-align:center}.elementor-image-carousel-wrapper:not(.swiper-container-initialized):not(.swiper-initialized) .swiper-slide{max-width:calc(100% \/ var(--e-image-carousel-slides-to-show, 3))}<\/style>\t\t<div class=\"elementor-image-carousel-wrapper swiper\" dir=\"ltr\">\n\t\t\t<div class=\"elementor-image-carousel swiper-wrapper\" aria-live=\"off\">\n\t\t\t\t\t\t\t\t<div class=\"swiper-slide\" role=\"group\" aria-roledescription=\"slide\" aria-label=\"1 tr\u00ean 3\"><figure class=\"swiper-slide-inner\"><img decoding=\"async\" class=\"swiper-slide-image\" src=\"https:\/\/d-tour.vn\/wp-content\/uploads\/2024\/07\/customer-1.png\" alt=\"customer-1\" \/><\/figure><\/div><div class=\"swiper-slide\" role=\"group\" aria-roledescription=\"slide\" aria-label=\"2 tr\u00ean 3\"><figure class=\"swiper-slide-inner\"><img decoding=\"async\" class=\"swiper-slide-image\" src=\"https:\/\/d-tour.vn\/wp-content\/uploads\/2024\/07\/customer-2.png\" alt=\"customer-2\" \/><\/figure><\/div><div class=\"swiper-slide\" role=\"group\" aria-roledescription=\"slide\" aria-label=\"3 tr\u00ean 3\"><figure class=\"swiper-slide-inner\"><img decoding=\"async\" class=\"swiper-slide-image\" src=\"https:\/\/d-tour.vn\/wp-content\/uploads\/2024\/07\/customer-3.png\" alt=\"customer-3\" \/><\/figure><\/div>\t\t\t<\/div>\n\t\t\t\t\t\t\t\t\t\t\t\t<div class=\"elementor-swiper-button elementor-swiper-button-prev\" role=\"button\" tabindex=\"0\">\n\t\t\t\t\t\t<svg aria-hidden=\"true\" class=\"e-font-icon-svg e-eicon-chevron-left\" viewbox=\"0 0 1000 1000\" xmlns=\"http:\/\/www.w3.org\/2000\/svg\"><path d=\"M646 125C629 125 613 133 604 142L308 442C296 454 292 471 292 487 292 504 296 521 308 533L604 854C617 867 629 875 646 875 663 875 679 871 692 858 704 846 713 829 713 812 713 796 708 779 692 767L438 487 692 225C700 217 708 204 708 187 708 171 704 154 692 142 675 129 663 125 646 125Z\"><\/path><\/svg>\t\t\t\t\t<\/div>\n\t\t\t\t\t<div class=\"elementor-swiper-button elementor-swiper-button-next\" role=\"button\" tabindex=\"0\">\n\t\t\t\t\t\t<svg aria-hidden=\"true\" class=\"e-font-icon-svg e-eicon-chevron-right\" viewbox=\"0 0 1000 1000\" xmlns=\"http:\/\/www.w3.org\/2000\/svg\"><path d=\"M696 533C708 521 713 504 713 487 713 471 708 454 696 446L400 146C388 133 375 125 354 125 338 125 325 129 313 142 300 154 292 171 292 187 292 204 296 221 308 233L563 492 304 771C292 783 288 800 288 817 288 833 296 850 308 863 321 871 338 875 354 875 371 875 388 867 400 854L696 533Z\"><\/path><\/svg>\t\t\t\t\t<\/div>\n\t\t\t\t\n\t\t\t\t\t\t\t\t\t<\/div>\n\t\t\t\t<\/div>\n\t\t\t\t<\/div>\n\t\t\t\t\t<\/div>\n\t\t\t\t<\/div>\n\t\t\t\t<\/div>","protected":false},"excerpt":{"rendered":"<p>Kh\u00e1ch h\u00e0ng D-Tour lu\u00f4n xem kh\u00e1ch h\u00e0ng l\u00e0 trung t\u00e2m trong m\u1ecdi ho\u1ea1t \u0111\u1ed9ng, cam k\u1ebft mang \u0111\u1ebfn d\u1ecbch v\u1ee5 du l\u1ecbch chuy\u00ean nghi\u1ec7p, tr\u1ea3i nghi\u1ec7m tr\u1ecdn v\u1eb9n v\u00e0 \u0111\u00e1ng nh\u1edb. Ch\u00fang t\u00f4i t\u1ef1 h\u00e0o l\u00e0 \u0111\u1ed1i t\u00e1c c\u1ee7a nhi\u1ec1u t\u1eadp \u0111o\u00e0n l\u1edbn, doanh nghi\u1ec7p v\u1eeba v\u00e0 nh\u1ecf, c\u00f9ng c\u00e1c t\u1ed5 ch\u1ee9c uy t\u00edn, \u0111\u1ed3ng [&hellip;]<\/p>","protected":false},"author":1,"featured_media":0,"parent":0,"menu_order":0,"comment_status":"closed","ping_status":"closed","template":"elementor_header_footer","meta":{"_acf_changed":false,"footnotes":""},"class_list":["post-2002","page","type-page","status-publish","hentry"],"acf":[],"yoast_head":"<!-- This site is optimized with the Yoast SEO plugin v23.0 - https:\/\/yoast.com\/wordpress\/plugins\/seo\/ -->\n<title>Kh\u00e1ch h\u00e0ng - D-Tour<\/title>\n<meta name=\"robots\" content=\"index, follow, max-snippet:-1, max-image-preview:large, max-video-preview:-1\" \/>\n<link rel=\"canonical\" href=\"https:\/\/d-tour.vn\/vi\/khach-hang\/\" \/>\n<meta property=\"og:locale\" content=\"vi_VN\" \/>\n<meta property=\"og:type\" content=\"article\" \/>\n<meta property=\"og:title\" content=\"Kh\u00e1ch h\u00e0ng - D-Tour\" \/>\n<meta property=\"og:description\" content=\"Kh\u00e1ch h\u00e0ng D-Tour lu\u00f4n xem kh\u00e1ch h\u00e0ng l\u00e0 trung t\u00e2m trong m\u1ecdi ho\u1ea1t \u0111\u1ed9ng, cam k\u1ebft mang \u0111\u1ebfn d\u1ecbch v\u1ee5 du l\u1ecbch chuy\u00ean nghi\u1ec7p, tr\u1ea3i nghi\u1ec7m tr\u1ecdn v\u1eb9n v\u00e0 \u0111\u00e1ng nh\u1edb. Ch\u00fang t\u00f4i t\u1ef1 h\u00e0o l\u00e0 \u0111\u1ed1i t\u00e1c c\u1ee7a nhi\u1ec1u t\u1eadp \u0111o\u00e0n l\u1edbn, doanh nghi\u1ec7p v\u1eeba v\u00e0 nh\u1ecf, c\u00f9ng c\u00e1c t\u1ed5 ch\u1ee9c uy t\u00edn, \u0111\u1ed3ng [&hellip;]\" \/>\n<meta property=\"og:url\" content=\"https:\/\/d-tour.vn\/vi\/khach-hang\/\" \/>\n<meta property=\"og:site_name\" content=\"D-Tour\" \/>\n<meta property=\"article:modified_time\" content=\"2025-02-06T13:51:06+00:00\" \/>\n<meta property=\"og:image\" content=\"https:\/\/d-tour.vn\/wp-content\/uploads\/2024\/07\/customer-1.png\" \/>\n<meta name=\"twitter:card\" content=\"summary_large_image\" \/>\n<meta name=\"twitter:label1\" content=\"\u01af\u1edbc t\u00ednh th\u1eddi gian \u0111\u1ecdc\" \/>\n\t<meta name=\"twitter:data1\" content=\"2 ph\u00fat\" \/>\n<script type=\"application\/ld+json\" class=\"yoast-schema-graph\">{\"@context\":\"https:\/\/schema.org\",\"@graph\":[{\"@type\":\"WebPage\",\"@id\":\"https:\/\/d-tour.vn\/khach-hang\/\",\"url\":\"https:\/\/d-tour.vn\/khach-hang\/\",\"name\":\"Kh\u00e1ch h\u00e0ng - D-Tour\",\"isPartOf\":{\"@id\":\"https:\/\/d-tour.vn\/#website\"},\"primaryImageOfPage\":{\"@id\":\"https:\/\/d-tour.vn\/khach-hang\/#primaryimage\"},\"image\":{\"@id\":\"https:\/\/d-tour.vn\/khach-hang\/#primaryimage\"},\"thumbnailUrl\":\"https:\/\/d-tour.vn\/wp-content\/uploads\/2024\/07\/customer-1.png\",\"datePublished\":\"2025-02-06T13:48:09+00:00\",\"dateModified\":\"2025-02-06T13:51:06+00:00\",\"breadcrumb\":{\"@id\":\"https:\/\/d-tour.vn\/khach-hang\/#breadcrumb\"},\"inLanguage\":\"vi\",\"potentialAction\":[{\"@type\":\"ReadAction\",\"target\":[\"https:\/\/d-tour.vn\/khach-hang\/\"]}]},{\"@type\":\"ImageObject\",\"inLanguage\":\"vi\",\"@id\":\"https:\/\/d-tour.vn\/khach-hang\/#primaryimage\",\"url\":\"https:\/\/d-tour.vn\/wp-content\/uploads\/2024\/07\/customer-1.png\",\"contentUrl\":\"https:\/\/d-tour.vn\/wp-content\/uploads\/2024\/07\/customer-1.png\"},{\"@type\":\"BreadcrumbList\",\"@id\":\"https:\/\/d-tour.vn\/khach-hang\/#breadcrumb\",\"itemListElement\":[{\"@type\":\"ListItem\",\"position\":1,\"name\":\"Home\",\"item\":\"https:\/\/d-tour.vn\/\"},{\"@type\":\"ListItem\",\"position\":2,\"name\":\"Kh\u00e1ch h\u00e0ng\"}]},{\"@type\":\"WebSite\",\"@id\":\"https:\/\/d-tour.vn\/#website\",\"url\":\"https:\/\/d-tour.vn\/\",\"name\":\"D-Tour\",\"description\":\"\",\"publisher\":{\"@id\":\"https:\/\/d-tour.vn\/#organization\"},\"potentialAction\":[{\"@type\":\"SearchAction\",\"target\":{\"@type\":\"EntryPoint\",\"urlTemplate\":\"https:\/\/d-tour.vn\/?s={search_term_string}\"},\"query-input\":\"required name=search_term_string\"}],\"inLanguage\":\"vi\"},{\"@type\":\"Organization\",\"@id\":\"https:\/\/d-tour.vn\/#organization\",\"name\":\"D-Tour\",\"url\":\"https:\/\/d-tour.vn\/\",\"logo\":{\"@type\":\"ImageObject\",\"inLanguage\":\"vi\",\"@id\":\"https:\/\/d-tour.vn\/#\/schema\/logo\/image\/\",\"url\":\"https:\/\/d-tour.vn\/wp-content\/uploads\/2025\/02\/cropped-cropped-cropped-cropped-z5604045425624_1a583b6156453684d69cb7b11501bb0d-removebg-preview.png\",\"contentUrl\":\"https:\/\/d-tour.vn\/wp-content\/uploads\/2025\/02\/cropped-cropped-cropped-cropped-z5604045425624_1a583b6156453684d69cb7b11501bb0d-removebg-preview.png\",\"width\":512,\"height\":512,\"caption\":\"D-Tour\"},\"image\":{\"@id\":\"https:\/\/d-tour.vn\/#\/schema\/logo\/image\/\"}}]}<\/script>\n<!-- \/ Yoast SEO plugin. -->","yoast_head_json":{"title":"Kh\u00e1ch h\u00e0ng - D-Tour","robots":{"index":"index","follow":"follow","max-snippet":"max-snippet:-1","max-image-preview":"max-image-preview:large","max-video-preview":"max-video-preview:-1"},"canonical":"https:\/\/d-tour.vn\/vi\/khach-hang\/","og_locale":"vi_VN","og_type":"article","og_title":"Kh\u00e1ch h\u00e0ng - D-Tour","og_description":"Kh\u00e1ch h\u00e0ng D-Tour lu\u00f4n xem kh\u00e1ch h\u00e0ng l\u00e0 trung t\u00e2m trong m\u1ecdi ho\u1ea1t \u0111\u1ed9ng, cam k\u1ebft mang \u0111\u1ebfn d\u1ecbch v\u1ee5 du l\u1ecbch chuy\u00ean nghi\u1ec7p, tr\u1ea3i nghi\u1ec7m tr\u1ecdn v\u1eb9n v\u00e0 \u0111\u00e1ng nh\u1edb. Ch\u00fang t\u00f4i t\u1ef1 h\u00e0o l\u00e0 \u0111\u1ed1i t\u00e1c c\u1ee7a nhi\u1ec1u t\u1eadp \u0111o\u00e0n l\u1edbn, doanh nghi\u1ec7p v\u1eeba v\u00e0 nh\u1ecf, c\u00f9ng c\u00e1c t\u1ed5 ch\u1ee9c uy t\u00edn, \u0111\u1ed3ng [&hellip;]","og_url":"https:\/\/d-tour.vn\/vi\/khach-hang\/","og_site_name":"D-Tour","article_modified_time":"2025-02-06T13:51:06+00:00","og_image":[{"url":"https:\/\/d-tour.vn\/wp-content\/uploads\/2024\/07\/customer-1.png"}],"twitter_card":"summary_large_image","twitter_misc":{"\u01af\u1edbc t\u00ednh th\u1eddi gian \u0111\u1ecdc":"2 ph\u00fat"},"schema":{"@context":"https:\/\/schema.org","@graph":[{"@type":"WebPage","@id":"https:\/\/d-tour.vn\/khach-hang\/","url":"https:\/\/d-tour.vn\/khach-hang\/","name":"Kh\u00e1ch h\u00e0ng - D-Tour","isPartOf":{"@id":"https:\/\/d-tour.vn\/#website"},"primaryImageOfPage":{"@id":"https:\/\/d-tour.vn\/khach-hang\/#primaryimage"},"image":{"@id":"https:\/\/d-tour.vn\/khach-hang\/#primaryimage"},"thumbnailUrl":"https:\/\/d-tour.vn\/wp-content\/uploads\/2024\/07\/customer-1.png","datePublished":"2025-02-06T13:48:09+00:00","dateModified":"2025-02-06T13:51:06+00:00","breadcrumb":{"@id":"https:\/\/d-tour.vn\/khach-hang\/#breadcrumb"},"inLanguage":"vi","potentialAction":[{"@type":"ReadAction","target":["https:\/\/d-tour.vn\/khach-hang\/"]}]},{"@type":"ImageObject","inLanguage":"vi","@id":"https:\/\/d-tour.vn\/khach-hang\/#primaryimage","url":"https:\/\/d-tour.vn\/wp-content\/uploads\/2024\/07\/customer-1.png","contentUrl":"https:\/\/d-tour.vn\/wp-content\/uploads\/2024\/07\/customer-1.png"},{"@type":"BreadcrumbList","@id":"https:\/\/d-tour.vn\/khach-hang\/#breadcrumb","itemListElement":[{"@type":"ListItem","position":1,"name":"Home","item":"https:\/\/d-tour.vn\/"},{"@type":"ListItem","position":2,"name":"Kh\u00e1ch h\u00e0ng"}]},{"@type":"WebSite","@id":"https:\/\/d-tour.vn\/#website","url":"https:\/\/d-tour.vn\/","name":"D-Tour","description":"","publisher":{"@id":"https:\/\/d-tour.vn\/#organization"},"potentialAction":[{"@type":"SearchAction","target":{"@type":"EntryPoint","urlTemplate":"https:\/\/d-tour.vn\/?s={search_term_string}"},"query-input":"required name=search_term_string"}],"inLanguage":"vi"},{"@type":"Organization","@id":"https:\/\/d-tour.vn\/#organization","name":"D-Tour","url":"https:\/\/d-tour.vn\/","logo":{"@type":"ImageObject","inLanguage":"vi","@id":"https:\/\/d-tour.vn\/#\/schema\/logo\/image\/","url":"https:\/\/d-tour.vn\/wp-content\/uploads\/2025\/02\/cropped-cropped-cropped-cropped-z5604045425624_1a583b6156453684d69cb7b11501bb0d-removebg-preview.png","contentUrl":"https:\/\/d-tour.vn\/wp-content\/uploads\/2025\/02\/cropped-cropped-cropped-cropped-z5604045425624_1a583b6156453684d69cb7b11501bb0d-removebg-preview.png","width":512,"height":512,"caption":"D-Tour"},"image":{"@id":"https:\/\/d-tour.vn\/#\/schema\/logo\/image\/"}}]}},"_links":{"self":[{"href":"https:\/\/d-tour.vn\/vi\/wp-json\/wp\/v2\/pages\/2002","targetHints":{"allow":["GET"]}}],"collection":[{"href":"https:\/\/d-tour.vn\/vi\/wp-json\/wp\/v2\/pages"}],"about":[{"href":"https:\/\/d-tour.vn\/vi\/wp-json\/wp\/v2\/types\/page"}],"author":[{"embeddable":true,"href":"https:\/\/d-tour.vn\/vi\/wp-json\/wp\/v2\/users\/1"}],"replies":[{"embeddable":true,"href":"https:\/\/d-tour.vn\/vi\/wp-json\/wp\/v2\/comments?post=2002"}],"version-history":[{"count":4,"href":"https:\/\/d-tour.vn\/vi\/wp-json\/wp\/v2\/pages\/2002\/revisions"}],"predecessor-version":[{"id":2007,"href":"https:\/\/d-tour.vn\/vi\/wp-json\/wp\/v2\/pages\/2002\/revisions\/2007"}],"wp:attachment":[{"href":"https:\/\/d-tour.vn\/vi\/wp-json\/wp\/v2\/media?parent=2002"}],"curies":[{"name":"wp","href":"https:\/\/api.w.org\/{rel}","templated":true}]}}