{"id":2252,"date":"2024-07-21T09:21:10","date_gmt":"2024-07-21T09:21:10","guid":{"rendered":"https:\/\/d-tour.vn\/?page_id=2252"},"modified":"2025-05-12T10:57:13","modified_gmt":"2025-05-12T10:57:13","slug":"nepal-tour","status":"publish","type":"page","link":"https:\/\/d-tour.vn\/vi\/nepal-tour\/","title":{"rendered":"Nepal Tour"},"content":{"rendered":"<div data-elementor-type=\"wp-page\" data-elementor-id=\"2252\" class=\"elementor elementor-2252\" data-elementor-post-type=\"page\">\n\t\t\t\t<div class=\"elementor-element elementor-element-a14d507 e-con-full e-flex e-con e-parent\" data-id=\"a14d507\" data-element_type=\"container\" data-settings=\"{&quot;background_background&quot;:&quot;classic&quot;}\">\n\t\t\t\t<div class=\"elementor-element elementor-element-cca301e elementor-widget elementor-widget-theme-post-featured-image elementor-widget-image\" data-id=\"cca301e\" data-element_type=\"widget\" data-widget_type=\"theme-post-featured-image.default\">\n\t\t\t\t<div class=\"elementor-widget-container\">\n\t\t\t<style>\/*! elementor - v3.22.0 - 26-06-2024 *\/\n.elementor-widget-image{text-align:center}.elementor-widget-image a{display:inline-block}.elementor-widget-image a img[src$=\".svg\"]{width:48px}.elementor-widget-image img{vertical-align:middle;display:inline-block}<\/style>\t\t\t\t\t\t\t\t\t\t<img fetchpriority=\"high\" decoding=\"async\" width=\"1600\" height=\"1067\" src=\"https:\/\/d-tour.vn\/wp-content\/uploads\/2025\/05\/1.jpg\" class=\"attachment-full size-full wp-image-2256\" alt=\"nepal Tour\" srcset=\"https:\/\/d-tour.vn\/wp-content\/uploads\/2025\/05\/1.jpg 1600w, https:\/\/d-tour.vn\/wp-content\/uploads\/2025\/05\/1-300x200.jpg 300w, https:\/\/d-tour.vn\/wp-content\/uploads\/2025\/05\/1-1024x683.jpg 1024w, https:\/\/d-tour.vn\/wp-content\/uploads\/2025\/05\/1-768x512.jpg 768w, https:\/\/d-tour.vn\/wp-content\/uploads\/2025\/05\/1-1536x1024.jpg 1536w, https:\/\/d-tour.vn\/wp-content\/uploads\/2025\/05\/1-18x12.jpg 18w\" sizes=\"(max-width: 1600px) 100vw, 1600px\" \/>\t\t\t\t\t\t\t\t\t\t\t\t\t<\/div>\n\t\t\t\t<\/div>\n\t\t\t\t<\/div>\n\t\t<div class=\"elementor-element elementor-element-53559e5 e-flex e-con-boxed e-con e-parent\" data-id=\"53559e5\" data-element_type=\"container\">\n\t\t\t\t\t<div class=\"e-con-inner\">\n\t\t\t\t<div class=\"elementor-element elementor-element-adfcd3e elementor-widget elementor-widget-heading\" data-id=\"adfcd3e\" data-element_type=\"widget\" data-widget_type=\"heading.default\">\n\t\t\t\t<div class=\"elementor-widget-container\">\n\t\t\t<style>\/*! elementor - v3.22.0 - 26-06-2024 *\/\n.elementor-heading-title{padding:0;margin:0;line-height:1}.elementor-widget-heading .elementor-heading-title[class*=elementor-size-]>a{color:inherit;font-size:inherit;line-height:inherit}.elementor-widget-heading .elementor-heading-title.elementor-size-small{font-size:15px}.elementor-widget-heading .elementor-heading-title.elementor-size-medium{font-size:19px}.elementor-widget-heading .elementor-heading-title.elementor-size-large{font-size:29px}.elementor-widget-heading .elementor-heading-title.elementor-size-xl{font-size:39px}.elementor-widget-heading .elementor-heading-title.elementor-size-xxl{font-size:59px}<\/style><h2 class=\"elementor-heading-title elementor-size-default\">Nepal Tour<\/h2>\t\t<\/div>\n\t\t\t\t<\/div>\n\t\t\t\t\t<\/div>\n\t\t\t\t<\/div>\n\t\t<div class=\"elementor-element elementor-element-6fa1099 e-flex e-con-boxed e-con e-parent\" data-id=\"6fa1099\" data-element_type=\"container\">\n\t\t\t\t\t<div class=\"e-con-inner\">\n\t\t\t\t<div class=\"elementor-element elementor-element-3bb5a1b elementor-widget elementor-widget-image\" data-id=\"3bb5a1b\" data-element_type=\"widget\" data-widget_type=\"image.default\">\n\t\t\t\t<div class=\"elementor-widget-container\">\n\t\t\t\t\t\t\t\t\t\t\t\t\t<img decoding=\"async\" width=\"800\" height=\"283\" src=\"https:\/\/d-tour.vn\/wp-content\/uploads\/2025\/02\/Group-77.png\" class=\"attachment-large size-large wp-image-1898\" alt=\"\" srcset=\"https:\/\/d-tour.vn\/wp-content\/uploads\/2025\/02\/Group-77.png 839w, https:\/\/d-tour.vn\/wp-content\/uploads\/2025\/02\/Group-77-300x106.png 300w, https:\/\/d-tour.vn\/wp-content\/uploads\/2025\/02\/Group-77-768x272.png 768w, https:\/\/d-tour.vn\/wp-content\/uploads\/2025\/02\/Group-77-18x6.png 18w\" sizes=\"(max-width: 800px) 100vw, 800px\" \/>\t\t\t\t\t\t\t\t\t\t\t\t\t<\/div>\n\t\t\t\t<\/div>\n\t\t\t\t\t<\/div>\n\t\t\t\t<\/div>\n\t\t<div class=\"elementor-element elementor-element-f5dd050 e-flex e-con-boxed e-con e-parent\" data-id=\"f5dd050\" data-element_type=\"container\">\n\t\t\t\t\t<div class=\"e-con-inner\">\n\t\t\t\t\t<\/div>\n\t\t\t\t<\/div>\n\t\t<div class=\"elementor-element elementor-element-7d085c8 elementor-hidden-desktop elementor-hidden-tablet e-flex e-con-boxed e-con e-parent\" data-id=\"7d085c8\" data-element_type=\"container\">\n\t\t\t\t\t<div class=\"e-con-inner\">\n\t\t\t\t<div class=\"elementor-element elementor-element-69dfe3c elementor-grid-mobile-2 elementor-hidden-desktop elementor-hidden-tablet elementor-grid-3 elementor-grid-tablet-2 elementor-widget elementor-widget-loop-grid\" data-id=\"69dfe3c\" data-element_type=\"widget\" data-settings=\"{&quot;template_id&quot;:622,&quot;columns_mobile&quot;:2,&quot;_skin&quot;:&quot;post&quot;,&quot;columns&quot;:&quot;3&quot;,&quot;columns_tablet&quot;:&quot;2&quot;,&quot;edit_handle_selector&quot;:&quot;[data-elementor-type=\\&quot;loop-item\\&quot;]&quot;,&quot;row_gap&quot;:{&quot;unit&quot;:&quot;px&quot;,&quot;size&quot;:&quot;&quot;,&quot;sizes&quot;:[]},&quot;row_gap_tablet&quot;:{&quot;unit&quot;:&quot;px&quot;,&quot;size&quot;:&quot;&quot;,&quot;sizes&quot;:[]},&quot;row_gap_mobile&quot;:{&quot;unit&quot;:&quot;px&quot;,&quot;size&quot;:&quot;&quot;,&quot;sizes&quot;:[]}}\" data-widget_type=\"loop-grid.post\">\n\t\t\t\t<div class=\"elementor-widget-container\">\n\t\t\t<link rel=\"stylesheet\" href=\"https:\/\/d-tour.vn\/wp-content\/plugins\/elementor-pro\/assets\/css\/widget-loop-builder.min.css\">\t\t<div class=\"elementor-loop-container elementor-grid\">\n\t\t<style id=\"loop-622\">.elementor-622 .elementor-element.elementor-element-7fa39e8{--display:flex;--flex-direction:column;--container-widget-width:100%;--container-widget-height:initial;--container-widget-flex-grow:0;--container-widget-align-self:initial;--flex-wrap-mobile:wrap;--background-transition:0.3s;}.elementor-622 .elementor-element.elementor-element-70b0283 .elementor-heading-title{font-family:\"Montserrat\", Sans-serif;font-size:16px;font-weight:600;}.elementor-622 .elementor-element.elementor-element-9a7dd8a{color:var( --e-global-color-primary );font-family:\"Montserrat\", Sans-serif;font-size:16px;font-weight:600;}@media(max-width:767px){.elementor-622 .elementor-element.elementor-element-7fa39e8{--gap:5px 5px;--padding-top:0px;--padding-bottom:0px;--padding-left:0px;--padding-right:0px;}.elementor-622 .elementor-element.elementor-element-331b737 img{height:150px;border-radius:10px 10px 10px 10px;}}<\/style>\t\t<div data-elementor-type=\"loop-item\" data-elementor-id=\"622\" class=\"elementor elementor-622 e-loop-item e-loop-item-2180 post-2180 tour type-tour status-publish has-post-thumbnail hentry tour-dubai tour-outstanding\" data-elementor-post-type=\"elementor_library\" data-custom-edit-handle=\"1\">\n\t\t\t\t\t<div class=\"elementor-section-wrap\">\n\t\t\t\t\t\t<div class=\"elementor-element elementor-element-7fa39e8 e-flex e-con-boxed e-con e-parent\" data-id=\"7fa39e8\" data-element_type=\"container\">\n\t\t\t\t\t<div class=\"e-con-inner\">\n\t\t\t\t<div class=\"elementor-element elementor-element-331b737 elementor-widget elementor-widget-theme-post-featured-image elementor-widget-image\" data-id=\"331b737\" data-element_type=\"widget\" data-widget_type=\"theme-post-featured-image.default\">\n\t\t\t\t<div class=\"elementor-widget-container\">\n\t\t\t\t\t\t\t\t\t\t\t\t\t\t<a href=\"https:\/\/d-tour.vn\/vi\/tour\/dubai-abu-dhabi-marina-bay\/\">\n\t\t\t\t\t\t\t<img decoding=\"async\" width=\"800\" height=\"534\" src=\"https:\/\/d-tour.vn\/wp-content\/uploads\/2025\/04\/ab-1024x683.jpg\" class=\"attachment-large size-large wp-image-2182\" alt=\"Dubai - Abu Dhabi - Marina Bay\" srcset=\"https:\/\/d-tour.vn\/wp-content\/uploads\/2025\/04\/ab-1024x683.jpg 1024w, https:\/\/d-tour.vn\/wp-content\/uploads\/2025\/04\/ab-300x200.jpg 300w, https:\/\/d-tour.vn\/wp-content\/uploads\/2025\/04\/ab-768x512.jpg 768w, https:\/\/d-tour.vn\/wp-content\/uploads\/2025\/04\/ab-18x12.jpg 18w, https:\/\/d-tour.vn\/wp-content\/uploads\/2025\/04\/ab.jpg 1500w\" sizes=\"(max-width: 800px) 100vw, 800px\" \/>\t\t\t\t\t\t\t\t<\/a>\n\t\t\t\t\t\t\t\t\t\t\t\t\t<\/div>\n\t\t\t\t<\/div>\n\t\t\t\t<div class=\"elementor-element elementor-element-70b0283 elementor-widget elementor-widget-theme-post-title elementor-page-title elementor-widget-heading\" data-id=\"70b0283\" data-element_type=\"widget\" data-widget_type=\"theme-post-title.default\">\n\t\t\t\t<div class=\"elementor-widget-container\">\n\t\t\t<h1 class=\"elementor-heading-title elementor-size-default\"><a href=\"https:\/\/d-tour.vn\/vi\/tour\/dubai-abu-dhabi-marina-bay\/\">DUBAI &#8211; ABU DHABI &#8211; MARINA BAY<\/a><\/h1>\t\t<\/div>\n\t\t\t\t<\/div>\n\t\t\t\t<div class=\"elementor-element elementor-element-6ba0a5d elementor-widget elementor-widget-text-editor\" data-id=\"6ba0a5d\" data-element_type=\"widget\" data-widget_type=\"text-editor.default\">\n\t\t\t\t<div class=\"elementor-widget-container\">\n\t\t\t<style>\/*! elementor - v3.22.0 - 26-06-2024 *\/\n.elementor-widget-text-editor.elementor-drop-cap-view-stacked .elementor-drop-cap{background-color:#69727d;color:#fff}.elementor-widget-text-editor.elementor-drop-cap-view-framed .elementor-drop-cap{color:#69727d;border:3px solid;background-color:transparent}.elementor-widget-text-editor:not(.elementor-drop-cap-view-default) .elementor-drop-cap{margin-top:8px}.elementor-widget-text-editor:not(.elementor-drop-cap-view-default) .elementor-drop-cap-letter{width:1em;height:1em}.elementor-widget-text-editor .elementor-drop-cap{float:left;text-align:center;line-height:1;font-size:50px}.elementor-widget-text-editor .elementor-drop-cap-letter{display:inline-block}<\/style>\t\t\t\t5 Ng\u00e0y 4 \u0110\u00eam\t\t\t\t\t\t<\/div>\n\t\t\t\t<\/div>\n\t\t\t\t<div class=\"elementor-element elementor-element-9a7dd8a elementor-widget elementor-widget-text-editor\" data-id=\"9a7dd8a\" data-element_type=\"widget\" data-widget_type=\"text-editor.default\">\n\t\t\t\t<div class=\"elementor-widget-container\">\n\t\t\t\t\t\t\t29.990.000VND\t\t\t\t\t\t<\/div>\n\t\t\t\t<\/div>\n\t\t\t\t\t<\/div>\n\t\t\t\t<\/div>\n\t\t\t\t\t\t\t<\/div>\n\t\t\t\t<\/div>\n\t\t\t\t<\/div>\n\t\t\n\t\t\t\t<\/div>\n\t\t\t\t<\/div>\n\t\t\t\t\t<\/div>\n\t\t\t\t<\/div>\n\t\t\t\t<\/div>","protected":false},"excerpt":{"rendered":"","protected":false},"author":2,"featured_media":2256,"parent":0,"menu_order":0,"comment_status":"closed","ping_status":"closed","template":"elementor_header_footer","meta":{"_acf_changed":false,"footnotes":""},"class_list":["post-2252","page","type-page","status-publish","has-post-thumbnail","hentry"],"acf":[],"yoast_head":"<!-- This site is optimized with the Yoast SEO plugin v23.0 - https:\/\/yoast.com\/wordpress\/plugins\/seo\/ -->\n<title>Nepal Tour<\/title>\n<meta name=\"robots\" content=\"index, follow, max-snippet:-1, max-image-preview:large, max-video-preview:-1\" \/>\n<link rel=\"canonical\" href=\"https:\/\/d-tour.vn\/vi\/nepal-tour\/\" \/>\n<meta property=\"og:locale\" content=\"vi_VN\" \/>\n<meta property=\"og:type\" content=\"article\" \/>\n<meta property=\"og:title\" content=\"Nepal Tour\" \/>\n<meta property=\"og:url\" content=\"https:\/\/d-tour.vn\/vi\/nepal-tour\/\" \/>\n<meta property=\"og:site_name\" content=\"D-Tour\" \/>\n<meta property=\"article:modified_time\" content=\"2025-05-12T10:57:13+00:00\" \/>\n<meta property=\"og:image\" content=\"https:\/\/d-tour.vn\/wp-content\/uploads\/2025\/05\/1.jpg\" \/>\n\t<meta property=\"og:image:width\" content=\"1600\" \/>\n\t<meta property=\"og:image:height\" content=\"1067\" \/>\n\t<meta property=\"og:image:type\" content=\"image\/jpeg\" \/>\n<meta name=\"twitter:card\" content=\"summary_large_image\" \/>\n<meta name=\"twitter:label1\" content=\"\u01af\u1edbc t\u00ednh th\u1eddi gian \u0111\u1ecdc\" \/>\n\t<meta name=\"twitter:data1\" content=\"1 ph\u00fat\" \/>\n<script type=\"application\/ld+json\" class=\"yoast-schema-graph\">{\"@context\":\"https:\/\/schema.org\",\"@graph\":[{\"@type\":\"WebPage\",\"@id\":\"https:\/\/d-tour.vn\/nepal-tour\/\",\"url\":\"https:\/\/d-tour.vn\/nepal-tour\/\",\"name\":\"Nepal Tour\",\"isPartOf\":{\"@id\":\"https:\/\/d-tour.vn\/#website\"},\"primaryImageOfPage\":{\"@id\":\"https:\/\/d-tour.vn\/nepal-tour\/#primaryimage\"},\"image\":{\"@id\":\"https:\/\/d-tour.vn\/nepal-tour\/#primaryimage\"},\"thumbnailUrl\":\"https:\/\/d-tour.vn\/wp-content\/uploads\/2025\/05\/1.jpg\",\"datePublished\":\"2024-07-21T09:21:10+00:00\",\"dateModified\":\"2025-05-12T10:57:13+00:00\",\"breadcrumb\":{\"@id\":\"https:\/\/d-tour.vn\/nepal-tour\/#breadcrumb\"},\"inLanguage\":\"vi\",\"potentialAction\":[{\"@type\":\"ReadAction\",\"target\":[\"https:\/\/d-tour.vn\/nepal-tour\/\"]}]},{\"@type\":\"ImageObject\",\"inLanguage\":\"vi\",\"@id\":\"https:\/\/d-tour.vn\/nepal-tour\/#primaryimage\",\"url\":\"https:\/\/d-tour.vn\/wp-content\/uploads\/2025\/05\/1.jpg\",\"contentUrl\":\"https:\/\/d-tour.vn\/wp-content\/uploads\/2025\/05\/1.jpg\",\"width\":1600,\"height\":1067,\"caption\":\"nepal tour\"},{\"@type\":\"BreadcrumbList\",\"@id\":\"https:\/\/d-tour.vn\/nepal-tour\/#breadcrumb\",\"itemListElement\":[{\"@type\":\"ListItem\",\"position\":1,\"name\":\"Home\",\"item\":\"https:\/\/d-tour.vn\/\"},{\"@type\":\"ListItem\",\"position\":2,\"name\":\"Nepal Tour\"}]},{\"@type\":\"WebSite\",\"@id\":\"https:\/\/d-tour.vn\/#website\",\"url\":\"https:\/\/d-tour.vn\/\",\"name\":\"D-Tour\",\"description\":\"\",\"publisher\":{\"@id\":\"https:\/\/d-tour.vn\/#organization\"},\"potentialAction\":[{\"@type\":\"SearchAction\",\"target\":{\"@type\":\"EntryPoint\",\"urlTemplate\":\"https:\/\/d-tour.vn\/?s={search_term_string}\"},\"query-input\":\"required name=search_term_string\"}],\"inLanguage\":\"vi\"},{\"@type\":\"Organization\",\"@id\":\"https:\/\/d-tour.vn\/#organization\",\"name\":\"D-Tour\",\"url\":\"https:\/\/d-tour.vn\/\",\"logo\":{\"@type\":\"ImageObject\",\"inLanguage\":\"vi\",\"@id\":\"https:\/\/d-tour.vn\/#\/schema\/logo\/image\/\",\"url\":\"https:\/\/d-tour.vn\/wp-content\/uploads\/2025\/02\/cropped-cropped-cropped-cropped-z5604045425624_1a583b6156453684d69cb7b11501bb0d-removebg-preview.png\",\"contentUrl\":\"https:\/\/d-tour.vn\/wp-content\/uploads\/2025\/02\/cropped-cropped-cropped-cropped-z5604045425624_1a583b6156453684d69cb7b11501bb0d-removebg-preview.png\",\"width\":512,\"height\":512,\"caption\":\"D-Tour\"},\"image\":{\"@id\":\"https:\/\/d-tour.vn\/#\/schema\/logo\/image\/\"}}]}<\/script>\n<!-- \/ Yoast SEO plugin. -->","yoast_head_json":{"title":"Nepal Tour","robots":{"index":"index","follow":"follow","max-snippet":"max-snippet:-1","max-image-preview":"max-image-preview:large","max-video-preview":"max-video-preview:-1"},"canonical":"https:\/\/d-tour.vn\/vi\/nepal-tour\/","og_locale":"vi_VN","og_type":"article","og_title":"Nepal Tour","og_url":"https:\/\/d-tour.vn\/vi\/nepal-tour\/","og_site_name":"D-Tour","article_modified_time":"2025-05-12T10:57:13+00:00","og_image":[{"width":1600,"height":1067,"url":"https:\/\/d-tour.vn\/wp-content\/uploads\/2025\/05\/1.jpg","type":"image\/jpeg"}],"twitter_card":"summary_large_image","twitter_misc":{"\u01af\u1edbc t\u00ednh th\u1eddi gian \u0111\u1ecdc":"1 ph\u00fat"},"schema":{"@context":"https:\/\/schema.org","@graph":[{"@type":"WebPage","@id":"https:\/\/d-tour.vn\/nepal-tour\/","url":"https:\/\/d-tour.vn\/nepal-tour\/","name":"Nepal Tour","isPartOf":{"@id":"https:\/\/d-tour.vn\/#website"},"primaryImageOfPage":{"@id":"https:\/\/d-tour.vn\/nepal-tour\/#primaryimage"},"image":{"@id":"https:\/\/d-tour.vn\/nepal-tour\/#primaryimage"},"thumbnailUrl":"https:\/\/d-tour.vn\/wp-content\/uploads\/2025\/05\/1.jpg","datePublished":"2024-07-21T09:21:10+00:00","dateModified":"2025-05-12T10:57:13+00:00","breadcrumb":{"@id":"https:\/\/d-tour.vn\/nepal-tour\/#breadcrumb"},"inLanguage":"vi","potentialAction":[{"@type":"ReadAction","target":["https:\/\/d-tour.vn\/nepal-tour\/"]}]},{"@type":"ImageObject","inLanguage":"vi","@id":"https:\/\/d-tour.vn\/nepal-tour\/#primaryimage","url":"https:\/\/d-tour.vn\/wp-content\/uploads\/2025\/05\/1.jpg","contentUrl":"https:\/\/d-tour.vn\/wp-content\/uploads\/2025\/05\/1.jpg","width":1600,"height":1067,"caption":"nepal tour"},{"@type":"BreadcrumbList","@id":"https:\/\/d-tour.vn\/nepal-tour\/#breadcrumb","itemListElement":[{"@type":"ListItem","position":1,"name":"Home","item":"https:\/\/d-tour.vn\/"},{"@type":"ListItem","position":2,"name":"Nepal Tour"}]},{"@type":"WebSite","@id":"https:\/\/d-tour.vn\/#website","url":"https:\/\/d-tour.vn\/","name":"D-Tour","description":"","publisher":{"@id":"https:\/\/d-tour.vn\/#organization"},"potentialAction":[{"@type":"SearchAction","target":{"@type":"EntryPoint","urlTemplate":"https:\/\/d-tour.vn\/?s={search_term_string}"},"query-input":"required name=search_term_string"}],"inLanguage":"vi"},{"@type":"Organization","@id":"https:\/\/d-tour.vn\/#organization","name":"D-Tour","url":"https:\/\/d-tour.vn\/","logo":{"@type":"ImageObject","inLanguage":"vi","@id":"https:\/\/d-tour.vn\/#\/schema\/logo\/image\/","url":"https:\/\/d-tour.vn\/wp-content\/uploads\/2025\/02\/cropped-cropped-cropped-cropped-z5604045425624_1a583b6156453684d69cb7b11501bb0d-removebg-preview.png","contentUrl":"https:\/\/d-tour.vn\/wp-content\/uploads\/2025\/02\/cropped-cropped-cropped-cropped-z5604045425624_1a583b6156453684d69cb7b11501bb0d-removebg-preview.png","width":512,"height":512,"caption":"D-Tour"},"image":{"@id":"https:\/\/d-tour.vn\/#\/schema\/logo\/image\/"}}]}},"_links":{"self":[{"href":"https:\/\/d-tour.vn\/vi\/wp-json\/wp\/v2\/pages\/2252","targetHints":{"allow":["GET"]}}],"collection":[{"href":"https:\/\/d-tour.vn\/vi\/wp-json\/wp\/v2\/pages"}],"about":[{"href":"https:\/\/d-tour.vn\/vi\/wp-json\/wp\/v2\/types\/page"}],"author":[{"embeddable":true,"href":"https:\/\/d-tour.vn\/vi\/wp-json\/wp\/v2\/users\/2"}],"replies":[{"embeddable":true,"href":"https:\/\/d-tour.vn\/vi\/wp-json\/wp\/v2\/comments?post=2252"}],"version-history":[{"count":5,"href":"https:\/\/d-tour.vn\/vi\/wp-json\/wp\/v2\/pages\/2252\/revisions"}],"predecessor-version":[{"id":2264,"href":"https:\/\/d-tour.vn\/vi\/wp-json\/wp\/v2\/pages\/2252\/revisions\/2264"}],"wp:featuredmedia":[{"embeddable":true,"href":"https:\/\/d-tour.vn\/vi\/wp-json\/wp\/v2\/media\/2256"}],"wp:attachment":[{"href":"https:\/\/d-tour.vn\/vi\/wp-json\/wp\/v2\/media?parent=2252"}],"curies":[{"name":"wp","href":"https:\/\/api.w.org\/{rel}","templated":true}]}}